{"id":1483,"date":"2023-05-19T10:25:58","date_gmt":"2023-05-19T10:25:58","guid":{"rendered":"https:\/\/campingilsergente.it\/restaurant\/"},"modified":"2023-11-07T16:05:50","modified_gmt":"2023-11-07T16:05:50","slug":"restaurant","status":"publish","type":"page","link":"https:\/\/campingilsergente.it\/fr\/restaurant\/","title":{"rendered":"Restaurant"},"content":{"rendered":"<p>[et_pb_section fb_built=\u00a0\u00bb1&Prime; _builder_version=\u00a0\u00bb4.20.4&Prime; _module_preset=\u00a0\u00bbdefault\u00a0\u00bb background_color=\u00a0\u00bbrgba(0,0,0,0.5)\u00a0\u00bb background_image=\u00a0\u00bbhttps:\/\/campingilsergente.it\/wp-content\/uploads\/2023\/06\/Ristorante-hero-camping-sergente.jpg\u00a0\u00bb background_blend=\u00a0\u00bboverlay\u00a0\u00bb custom_padding=\u00a0\u00bb20px||100px||false|false\u00a0\u00bb global_colors_info=\u00a0\u00bb{}\u00a0\u00bb][et_pb_row use_custom_gutter=\u00a0\u00bbon\u00a0\u00bb gutter_width=\u00a0\u00bb2&Prime; make_equal=\u00a0\u00bbon\u00a0\u00bb _builder_version=\u00a0\u00bb4.20.4&Prime; _module_preset=\u00a0\u00bbdefault\u00a0\u00bb custom_padding=\u00a0\u00bb0px||||false|false\u00a0\u00bb global_colors_info=\u00a0\u00bb{}\u00a0\u00bb][et_pb_column type=\u00a0\u00bb4_4&Prime; _builder_version=\u00a0\u00bb4.20.4&Prime; _module_preset=\u00a0\u00bbdefault\u00a0\u00bb global_colors_info=\u00a0\u00bb{}\u00a0\u00bb][et_pb_text _builder_version=\u00a0\u00bb4.21.2&Prime; _module_preset=\u00a0\u00bbdefault\u00a0\u00bb header_text_color=\u00a0\u00bb#FFFFFF\u00a0\u00bb header_font_size=\u00a0\u00bb40px\u00a0\u00bb header_line_height=\u00a0\u00bb1.2em\u00a0\u00bb header_3_font=\u00a0\u00bb|300||on|||||\u00a0\u00bb header_3_text_color=\u00a0\u00bb#FFFFFF\u00a0\u00bb header_3_font_size=\u00a0\u00bb20px\u00a0\u00bb header_3_line_height=\u00a0\u00bb1.2em\u00a0\u00bb hover_enabled=\u00a0\u00bb0&Prime; global_colors_info=\u00a0\u00bb{}\u00a0\u00bb sticky_enabled=\u00a0\u00bb0&Prime;]<\/p>\n<h3>Icche ci va ci vuole\u00a0\u00bb.<\/h3>\n<h1>La tradition culinaire toscane \u00e0 table<\/h1>\n<p>&nbsp;<\/p>\n<p>[\/et_pb_text][dsm_star_rating rating=\u00a0\u00bb4,5&Prime; title=\u00a0\u00bbPlus de 550 avis sur Google\u00a0\u00bb title_inline_position=\u00a0\u00bbright\u00a0\u00bb show_number=\u00a0\u00bboff\u00a0\u00bb _builder_version=\u00a0\u00bb4.20.4&Prime; _module_preset=\u00a0\u00bbdefault\u00a0\u00bb header_level=\u00a0\u00bbh6&Prime; header_font=\u00a0\u00bb|||||||#C9B089|\u00a0\u00bb header_text_color=\u00a0\u00bb#FFFFFF\u00a0\u00bb header_font_size=\u00a0\u00bb16px\u00a0\u00bb rating_number_text_color=\u00a0\u00bb#FFFFFF\u00a0\u00bb background_layout=\u00a0\u00bbdark\u00a0\u00bb custom_margin=\u00a0\u00bb||13px||false|false\u00a0\u00bb custom_padding=\u00a0\u00bb||||false|false\u00a0\u00bb global_colors_info=\u00a0\u00bb{}\u00a0\u00bb][\/dsm_star_rating][et_pb_text _builder_version=\u00a0\u00bb4.20.4&Prime; _module_preset=\u00a0\u00bbdefault\u00a0\u00bb link_font=\u00a0\u00bb||||on||||\u00a0\u00bb link_text_color=\u00a0\u00bb#FFFFFF\u00a0\u00bb link_font_size=\u00a0\u00bb12px\u00a0\u00bb custom_margin=\u00a0\u00bb||||false|false\u00a0\u00bb custom_padding=\u00a0\u00bb||||false|false\u00a0\u00bb global_colors_info=\u00a0\u00bb{}\u00a0\u00bb]<\/p>\n<p><a href=\"http:\/\/www.google.it\/search?q=camping%20il%20sergente%20recensioni\" target=\"_blank\" rel=\"noopener\">Consultez les commentaires  &gt;<\/a><\/p>\n<p>[\/et_pb_text][et_pb_button button_url=\u00a0\u00bbhttp:\/\/(+39)%200558423018&Prime; url_new_window=\u00a0\u00bbon\u00a0\u00bb button_text=\u00a0\u00bbAppeler maintenant\u00a0\u00bb _builder_version=\u00a0\u00bb4.20.4&Prime; _module_preset=\u00a0\u00bbdefault\u00a0\u00bb custom_button=\u00a0\u00bbon\u00a0\u00bb button_bg_color=\u00a0\u00bb#ff8c77&Prime; button_border_width=\u00a0\u00bb0px\u00a0\u00bb button_border_radius=\u00a0\u00bb0px\u00a0\u00bb button_icon=\u00a0\u00bb&#xe090;||divi||400&Prime; global_colors_info=\u00a0\u00bb{}\u00a0\u00bb][\/et_pb_button][\/et_pb_column][\/et_pb_row][\/et_pb_section][et_pb_section fb_built=\u00a0\u00bb1&Prime; _builder_version=\u00a0\u00bb4.20.4&Prime; _module_preset=\u00a0\u00bbdefault\u00a0\u00bb global_colors_info=\u00a0\u00bb{}\u00a0\u00bb][et_pb_row column_structure=\u00a0\u00bb1_2,1_2&Prime; _builder_version=\u00a0\u00bb4.21.0&Prime; _module_preset=\u00a0\u00bbdefault\u00a0\u00bb global_colors_info=\u00a0\u00bb{}\u00a0\u00bb][et_pb_column type=\u00a0\u00bb1_2&Prime; _builder_version=\u00a0\u00bb4.21.0&Prime; _module_preset=\u00a0\u00bbdefault\u00a0\u00bb global_colors_info=\u00a0\u00bb{}\u00a0\u00bb][et_pb_text _builder_version=\u00a0\u00bb4.21.2&Prime; _module_preset=\u00a0\u00bbdefault\u00a0\u00bb header_font=\u00a0\u00bb||||||||\u00a0\u00bb header_line_height=\u00a0\u00bb1.2em\u00a0\u00bb hover_enabled=\u00a0\u00bb0&Prime; global_colors_info=\u00a0\u00bb{}\u00a0\u00bb sticky_enabled=\u00a0\u00bb0&Prime;]<\/p>\n<h2>Encadr\u00e9 par les magnifiques paysages des Apennins<\/h2>\n<p>[\/et_pb_text][et_pb_text _builder_version=\u00a0\u00bb4.21.2&Prime; _module_preset=\u00a0\u00bbdefault\u00a0\u00bb header_font=\u00a0\u00bb||||||||\u00a0\u00bb header_line_height=\u00a0\u00bb1.2em\u00a0\u00bb hover_enabled=\u00a0\u00bb0&Prime; global_colors_info=\u00a0\u00bb{}\u00a0\u00bb sticky_enabled=\u00a0\u00bb0&Prime;]<\/p>\n<p>Le <strong>restaurant du Camping Il Sergente<\/strong> perp\u00e9tue la tradition familiale cr\u00e9\u00e9e il y a 60 ans par le grand-p\u00e8re \u00ab\u00a0Sergente\u00a0\u00bb, en servant des <strong>plats typiques<\/strong> et des <strong>sp\u00e9cialit\u00e9s toscanes authentiques<\/strong>, accompagn\u00e9s d&rsquo;une<strong>large s\u00e9lection de vins<\/strong> DOC et DOCG provenant de l&rsquo;excellente cave \u00e0 vins du restaurant.<\/p>\n<p>[\/et_pb_text][et_pb_text _builder_version=\u00a0\u00bb4.21.0&Prime; _module_preset=\u00a0\u00bbdefault\u00a0\u00bb link_text_color=\u00a0\u00bbrgba(255,38,0,0.61)\u00a0\u00bb link_font_size=\u00a0\u00bb16px\u00a0\u00bb header_font=\u00a0\u00bb||||||||\u00a0\u00bb header_line_height=\u00a0\u00bb1.2em\u00a0\u00bb global_colors_info=\u00a0\u00bb{}\u00a0\u00bb]<\/p>\n<p><a href=\"https:\/\/campingilsergente.it\/fr\/menu\/\">Daniele propose  &gt;<\/a><\/p>\n<p>[\/et_pb_text][\/et_pb_column][et_pb_column type=\u00a0\u00bb1_2&Prime; _builder_version=\u00a0\u00bb4.21.0&Prime; _module_preset=\u00a0\u00bbdefault\u00a0\u00bb global_colors_info=\u00a0\u00bb{}\u00a0\u00bb][et_pb_text _builder_version=\u00a0\u00bb4.21.2&Prime; _module_preset=\u00a0\u00bbdefault\u00a0\u00bb header_font=\u00a0\u00bb||||||||\u00a0\u00bb header_line_height=\u00a0\u00bb1.2em\u00a0\u00bb header_3_font=\u00a0\u00bb|700|||||||\u00a0\u00bb header_3_font_size=\u00a0\u00bb15px\u00a0\u00bb hover_enabled=\u00a0\u00bb0&Prime; global_colors_info=\u00a0\u00bb{}\u00a0\u00bb sticky_enabled=\u00a0\u00bb0&Prime;]<\/p>\n<h2>D\u00e9couvrez notre menu<\/h2>\n<h3>Le meilleur de la tradition culinaire toscane directement \u00e0 la table !<\/h3>\n<p>[\/et_pb_text][et_pb_button button_url=\u00a0\u00bbhttps:\/\/campingilsergente.it\/fr\/menu\/\u00a0\u00bb button_text=\u00a0\u00bbMenu\u00a0\u00bb _builder_version=\u00a0\u00bb4.21.0&Prime; _module_preset=\u00a0\u00bbdefault\u00a0\u00bb custom_button=\u00a0\u00bbon\u00a0\u00bb button_bg_color=\u00a0\u00bb#ff8c77&Prime; button_border_width=\u00a0\u00bb0px\u00a0\u00bb button_border_radius=\u00a0\u00bb0px\u00a0\u00bb button_icon=\u00a0\u00bb&#x35;||divi||400&Prime; global_colors_info=\u00a0\u00bb{}\u00a0\u00bb][\/et_pb_button][\/et_pb_column][\/et_pb_row][\/et_pb_section]<\/p>\n","protected":false},"excerpt":{"rendered":"<p>Icche ci va ci vuole\u00a0\u00bb. La tradition culinaire toscane \u00e0 table &nbsp;<div class=\"et_pb_module dsm_star_rating dsm_star_rating_0  et_pb_bg_layout_dark\">\n\t\t\t\t\n\t\t\t\t\n\t\t\t\t\n\t\t\t\t\n\t\t\t\t\n\t\t\t\t\n\t\t\t\t<div class=\"et_pb_module_inner\">\n\t\t\t\t\t<div class=\"dsm-star-rating-wrapper dsm-star-display-type-inline-block dsm-star-title-position-right\">\n\t\t\t\t<div class=\"dsm-star-rating\" title=\"4\/5\"><i class=\"dsm-star-full\">\u2606<\/i><i class=\"dsm-star-full\">\u2606<\/i><i class=\"dsm-star-full\">\u2606<\/i><i class=\"dsm-star-full\">\u2606<\/i><i class=\"dsm-star-0\">\u2606<\/i><\/div><h6 class=\"dsm-star-rating-title et_pb_module_header\"><span >Plus de 550 avis sur Google<\/span><\/h6>\n\t\t\t\t<\/div>\n\t\t\t\t<\/div>\n\t\t\t<\/div>Consultez les commentaires &gt;Encadr\u00e9 par les magnifiques paysages des ApenninsLe restaurant du Camping Il Sergente perp\u00e9tue la tradition familiale cr\u00e9\u00e9e il y a 60 ans par le grand-p\u00e8re \u00ab\u00a0Sergente\u00a0\u00bb, en servant des plats typiques et des sp\u00e9cialit\u00e9s toscanes authentiques, accompagn\u00e9s d&rsquo;unelarge s\u00e9lection de vins DOC et DOCG provenant de l&rsquo;excellente cave \u00e0 vins du restaurant.Daniele propose &gt;D\u00e9couvrez notre menu Le meilleur de la tradition culinaire toscane directement \u00e0 la table !<\/p>\n","protected":false},"author":1,"featured_media":0,"parent":0,"menu_order":0,"comment_status":"closed","ping_status":"closed","template":"","meta":{"_et_pb_use_builder":"on","_et_pb_old_content":"","_et_gb_content_width":"","footnotes":""},"class_list":["post-1483","page","type-page","status-publish","hentry"],"yoast_head":"<!-- This site is optimized with the Yoast SEO plugin v27.2 - https:\/\/yoast.com\/product\/yoast-seo-wordpress\/ -->\n<title>Camping Il Sergente | Restaurant toscan<\/title>\n<meta name=\"description\" content=\"Le restaurant historique du camping Il Sergente met l&#039;ancienne tradition culinaire toscane \u00e0 l&#039;honneur \u00e0 Barberino di Mugello.\" \/>\n<meta name=\"robots\" content=\"index, follow, max-snippet:-1, max-image-preview:large, max-video-preview:-1\" \/>\n<link rel=\"canonical\" href=\"https:\/\/campingilsergente.it\/fr\/restaurant\/\" \/>\n<meta property=\"og:locale\" content=\"fr_FR\" \/>\n<meta property=\"og:type\" content=\"article\" \/>\n<meta property=\"og:title\" content=\"Camping Il Sergente | Restaurant toscan\" \/>\n<meta property=\"og:description\" content=\"Le restaurant historique du camping Il Sergente met l&#039;ancienne tradition culinaire toscane \u00e0 l&#039;honneur \u00e0 Barberino di Mugello.\" \/>\n<meta property=\"og:url\" content=\"https:\/\/campingilsergente.it\/fr\/restaurant\/\" \/>\n<meta property=\"og:site_name\" content=\"campingilsergente\" \/>\n<meta property=\"article:publisher\" content=\"https:\/\/www.facebook.com\/Camping-Il-Sergente-109062715608192\" \/>\n<meta property=\"article:modified_time\" content=\"2023-11-07T16:05:50+00:00\" \/>\n<meta name=\"twitter:card\" content=\"summary_large_image\" \/>\n<meta name=\"twitter:label1\" content=\"Dur\u00e9e de lecture estim\u00e9e\" \/>\n\t<meta name=\"twitter:data1\" content=\"3 minutes\" \/>\n<script type=\"application\/ld+json\" class=\"yoast-schema-graph\">{\"@context\":\"https:\/\/schema.org\",\"@graph\":[{\"@type\":\"WebPage\",\"@id\":\"https:\/\/campingilsergente.it\/fr\/restaurant\/\",\"url\":\"https:\/\/campingilsergente.it\/fr\/restaurant\/\",\"name\":\"Camping Il Sergente | Restaurant toscan\",\"isPartOf\":{\"@id\":\"https:\/\/campingilsergente.it\/fr\/#website\"},\"datePublished\":\"2023-05-19T10:25:58+00:00\",\"dateModified\":\"2023-11-07T16:05:50+00:00\",\"description\":\"Le restaurant historique du camping Il Sergente met l'ancienne tradition culinaire toscane \u00e0 l'honneur \u00e0 Barberino di Mugello.\",\"breadcrumb\":{\"@id\":\"https:\/\/campingilsergente.it\/fr\/restaurant\/#breadcrumb\"},\"inLanguage\":\"fr-FR\",\"potentialAction\":[{\"@type\":\"ReadAction\",\"target\":[\"https:\/\/campingilsergente.it\/fr\/restaurant\/\"]}]},{\"@type\":\"BreadcrumbList\",\"@id\":\"https:\/\/campingilsergente.it\/fr\/restaurant\/#breadcrumb\",\"itemListElement\":[{\"@type\":\"ListItem\",\"position\":1,\"name\":\"Home\",\"item\":\"https:\/\/campingilsergente.it\/fr\/accueil\/\"},{\"@type\":\"ListItem\",\"position\":2,\"name\":\"Restaurant\"}]},{\"@type\":\"WebSite\",\"@id\":\"https:\/\/campingilsergente.it\/fr\/#website\",\"url\":\"https:\/\/campingilsergente.it\/fr\/\",\"name\":\"campingilsergente\",\"description\":\"Il camping sulla via degli Dei\",\"publisher\":{\"@id\":\"https:\/\/campingilsergente.it\/fr\/#organization\"},\"potentialAction\":[{\"@type\":\"SearchAction\",\"target\":{\"@type\":\"EntryPoint\",\"urlTemplate\":\"https:\/\/campingilsergente.it\/fr\/?s={search_term_string}\"},\"query-input\":{\"@type\":\"PropertyValueSpecification\",\"valueRequired\":true,\"valueName\":\"search_term_string\"}}],\"inLanguage\":\"fr-FR\"},{\"@type\":\"Organization\",\"@id\":\"https:\/\/campingilsergente.it\/fr\/#organization\",\"name\":\"camping il sergente\",\"url\":\"https:\/\/campingilsergente.it\/fr\/\",\"logo\":{\"@type\":\"ImageObject\",\"inLanguage\":\"fr-FR\",\"@id\":\"https:\/\/campingilsergente.it\/fr\/#\/schema\/logo\/image\/\",\"url\":\"https:\/\/campingilsergente.it\/wp-content\/uploads\/2023\/04\/Camping-il-Sergente-Logo.png\",\"contentUrl\":\"https:\/\/campingilsergente.it\/wp-content\/uploads\/2023\/04\/Camping-il-Sergente-Logo.png\",\"width\":187,\"height\":254,\"caption\":\"camping il sergente\"},\"image\":{\"@id\":\"https:\/\/campingilsergente.it\/fr\/#\/schema\/logo\/image\/\"},\"sameAs\":[\"https:\/\/www.facebook.com\/Camping-Il-Sergente-109062715608192\",\"https:\/\/www.instagram.com\/campingilsergente\/\"]}]}<\/script>\n<!-- \/ Yoast SEO plugin. -->","yoast_head_json":{"title":"Camping Il Sergente | Restaurant toscan","description":"Le restaurant historique du camping Il Sergente met l'ancienne tradition culinaire toscane \u00e0 l'honneur \u00e0 Barberino di Mugello.","robots":{"index":"index","follow":"follow","max-snippet":"max-snippet:-1","max-image-preview":"max-image-preview:large","max-video-preview":"max-video-preview:-1"},"canonical":"https:\/\/campingilsergente.it\/fr\/restaurant\/","og_locale":"fr_FR","og_type":"article","og_title":"Camping Il Sergente | Restaurant toscan","og_description":"Le restaurant historique du camping Il Sergente met l'ancienne tradition culinaire toscane \u00e0 l'honneur \u00e0 Barberino di Mugello.","og_url":"https:\/\/campingilsergente.it\/fr\/restaurant\/","og_site_name":"campingilsergente","article_publisher":"https:\/\/www.facebook.com\/Camping-Il-Sergente-109062715608192","article_modified_time":"2023-11-07T16:05:50+00:00","twitter_card":"summary_large_image","twitter_misc":{"Dur\u00e9e de lecture estim\u00e9e":"3 minutes"},"schema":{"@context":"https:\/\/schema.org","@graph":[{"@type":"WebPage","@id":"https:\/\/campingilsergente.it\/fr\/restaurant\/","url":"https:\/\/campingilsergente.it\/fr\/restaurant\/","name":"Camping Il Sergente | Restaurant toscan","isPartOf":{"@id":"https:\/\/campingilsergente.it\/fr\/#website"},"datePublished":"2023-05-19T10:25:58+00:00","dateModified":"2023-11-07T16:05:50+00:00","description":"Le restaurant historique du camping Il Sergente met l'ancienne tradition culinaire toscane \u00e0 l'honneur \u00e0 Barberino di Mugello.","breadcrumb":{"@id":"https:\/\/campingilsergente.it\/fr\/restaurant\/#breadcrumb"},"inLanguage":"fr-FR","potentialAction":[{"@type":"ReadAction","target":["https:\/\/campingilsergente.it\/fr\/restaurant\/"]}]},{"@type":"BreadcrumbList","@id":"https:\/\/campingilsergente.it\/fr\/restaurant\/#breadcrumb","itemListElement":[{"@type":"ListItem","position":1,"name":"Home","item":"https:\/\/campingilsergente.it\/fr\/accueil\/"},{"@type":"ListItem","position":2,"name":"Restaurant"}]},{"@type":"WebSite","@id":"https:\/\/campingilsergente.it\/fr\/#website","url":"https:\/\/campingilsergente.it\/fr\/","name":"campingilsergente","description":"Il camping sulla via degli Dei","publisher":{"@id":"https:\/\/campingilsergente.it\/fr\/#organization"},"potentialAction":[{"@type":"SearchAction","target":{"@type":"EntryPoint","urlTemplate":"https:\/\/campingilsergente.it\/fr\/?s={search_term_string}"},"query-input":{"@type":"PropertyValueSpecification","valueRequired":true,"valueName":"search_term_string"}}],"inLanguage":"fr-FR"},{"@type":"Organization","@id":"https:\/\/campingilsergente.it\/fr\/#organization","name":"camping il sergente","url":"https:\/\/campingilsergente.it\/fr\/","logo":{"@type":"ImageObject","inLanguage":"fr-FR","@id":"https:\/\/campingilsergente.it\/fr\/#\/schema\/logo\/image\/","url":"https:\/\/campingilsergente.it\/wp-content\/uploads\/2023\/04\/Camping-il-Sergente-Logo.png","contentUrl":"https:\/\/campingilsergente.it\/wp-content\/uploads\/2023\/04\/Camping-il-Sergente-Logo.png","width":187,"height":254,"caption":"camping il sergente"},"image":{"@id":"https:\/\/campingilsergente.it\/fr\/#\/schema\/logo\/image\/"},"sameAs":["https:\/\/www.facebook.com\/Camping-Il-Sergente-109062715608192","https:\/\/www.instagram.com\/campingilsergente\/"]}]}},"_links":{"self":[{"href":"https:\/\/campingilsergente.it\/fr\/wp-json\/wp\/v2\/pages\/1483","targetHints":{"allow":["GET"]}}],"collection":[{"href":"https:\/\/campingilsergente.it\/fr\/wp-json\/wp\/v2\/pages"}],"about":[{"href":"https:\/\/campingilsergente.it\/fr\/wp-json\/wp\/v2\/types\/page"}],"author":[{"embeddable":true,"href":"https:\/\/campingilsergente.it\/fr\/wp-json\/wp\/v2\/users\/1"}],"replies":[{"embeddable":true,"href":"https:\/\/campingilsergente.it\/fr\/wp-json\/wp\/v2\/comments?post=1483"}],"version-history":[{"count":2,"href":"https:\/\/campingilsergente.it\/fr\/wp-json\/wp\/v2\/pages\/1483\/revisions"}],"predecessor-version":[{"id":1485,"href":"https:\/\/campingilsergente.it\/fr\/wp-json\/wp\/v2\/pages\/1483\/revisions\/1485"}],"wp:attachment":[{"href":"https:\/\/campingilsergente.it\/fr\/wp-json\/wp\/v2\/media?parent=1483"}],"curies":[{"name":"wp","href":"https:\/\/api.w.org\/{rel}","templated":true}]}}