{"id":1667,"date":"2023-05-19T10:25:58","date_gmt":"2023-05-19T10:25:58","guid":{"rendered":"https:\/\/campingilsergente.it\/restaurante\/"},"modified":"2023-11-08T10:23:10","modified_gmt":"2023-11-08T10:23:10","slug":"restaurante","status":"publish","type":"page","link":"https:\/\/campingilsergente.it\/es\/restaurante\/","title":{"rendered":"Restaurante"},"content":{"rendered":"<p>[et_pb_section fb_built=\u00bb1&#8243; _builder_version=\u00bb4.20.4&#8243; _module_preset=\u00bbdefault\u00bb background_color=\u00bbrgba(0,0,0,0.5)\u00bb background_image=\u00bbhttps:\/\/campingilsergente.it\/wp-content\/uploads\/2023\/06\/Ristorante-hero-camping-sergente.jpg\u00bb background_blend=\u00bboverlay\u00bb custom_padding=\u00bb20px||100px||false|false\u00bb global_colors_info=\u00bb{}\u00bb][et_pb_row use_custom_gutter=\u00bbon\u00bb gutter_width=\u00bb2&#8243; make_equal=\u00bbon\u00bb _builder_version=\u00bb4.20.4&#8243; _module_preset=\u00bbdefault\u00bb custom_padding=\u00bb0px||||false|false\u00bb global_colors_info=\u00bb{}\u00bb][et_pb_column type=\u00bb4_4&#8243; _builder_version=\u00bb4.20.4&#8243; _module_preset=\u00bbdefault\u00bb global_colors_info=\u00bb{}\u00bb][et_pb_text _builder_version=\u00bb4.21.2&#8243; _module_preset=\u00bbdefault\u00bb header_text_color=\u00bb#FFFFFF\u00bb header_font_size=\u00bb40px\u00bb header_line_height=\u00bb1.2em\u00bb header_3_font=\u00bb|300||on|||||\u00bb header_3_text_color=\u00bb#FFFFFF\u00bb header_3_font_size=\u00bb20px\u00bb header_3_line_height=\u00bb1.2em\u00bb hover_enabled=\u00bb0&#8243; global_colors_info=\u00bb{}\u00bb sticky_enabled=\u00bb0&#8243;]<\/p>\n<h3>&#8216;Icche ci va ci vuole&#8217;<\/h3>\n<h1>La antigua tradici\u00f3n culinaria de la Toscana en la mesa<\/h1>\n<p>&nbsp;<\/p>\n<p>[\/et_pb_text][dsm_star_rating rating=\u00bb4,5&#8243; title=\u00bbM\u00e1s de 550 opiniones en google\u00bb title_inline_position=\u00bbright\u00bb show_number=\u00bboff\u00bb _builder_version=\u00bb4.20.4&#8243; _module_preset=\u00bbdefault\u00bb header_level=\u00bbh6&#8243; header_font=\u00bb|||||||#C9B089|\u00bb header_text_color=\u00bb#FFFFFF\u00bb header_font_size=\u00bb16px\u00bb rating_number_text_color=\u00bb#FFFFFF\u00bb background_layout=\u00bbdark\u00bb custom_margin=\u00bb||13px||false|false\u00bb custom_padding=\u00bb||||false|false\u00bb global_colors_info=\u00bb{}\u00bb][\/dsm_star_rating][et_pb_text _builder_version=\u00bb4.20.4&#8243; _module_preset=\u00bbdefault\u00bb link_font=\u00bb||||on||||\u00bb link_text_color=\u00bb#FFFFFF\u00bb link_font_size=\u00bb12px\u00bb custom_margin=\u00bb||||false|false\u00bb custom_padding=\u00bb||||false|false\u00bb global_colors_info=\u00bb{}\u00bb]<\/p>\n<p><a href=\"http:\/\/www.google.it\/search?q=camping%20il%20sergente%20recensioni\" target=\"_blank\" rel=\"noopener\">Eche un vistazo a las cr\u00edticas &gt;<\/a><\/p>\n<p>[\/et_pb_text][et_pb_button button_url=\u00bbhttp:\/\/(+39)%200558423018&#8243; url_new_window=\u00bbon\u00bb button_text=\u00bbllama ahora\u00bb _builder_version=\u00bb4.20.4&#8243; _module_preset=\u00bbdefault\u00bb custom_button=\u00bbon\u00bb button_bg_color=\u00bb#ff8c77&#8243; button_border_width=\u00bb0px\u00bb button_border_radius=\u00bb0px\u00bb button_icon=\u00bb&#xe090;||divi||400&#8243; global_colors_info=\u00bb{}\u00bb][\/et_pb_button][\/et_pb_column][\/et_pb_row][\/et_pb_section][et_pb_section fb_built=\u00bb1&#8243; _builder_version=\u00bb4.20.4&#8243; _module_preset=\u00bbdefault\u00bb global_colors_info=\u00bb{}\u00bb][et_pb_row column_structure=\u00bb1_2,1_2&#8243; _builder_version=\u00bb4.21.0&#8243; _module_preset=\u00bbdefault\u00bb global_colors_info=\u00bb{}\u00bb][et_pb_column type=\u00bb1_2&#8243; _builder_version=\u00bb4.21.0&#8243; _module_preset=\u00bbdefault\u00bb global_colors_info=\u00bb{}\u00bb][et_pb_text _builder_version=\u00bb4.21.2&#8243; _module_preset=\u00bbdefault\u00bb header_font=\u00bb||||||||\u00bb header_line_height=\u00bb1.2em\u00bb hover_enabled=\u00bb0&#8243; global_colors_info=\u00bb{}\u00bb sticky_enabled=\u00bb0&#8243;]<\/p>\n<h2>Enmarcado por bellos paisajes de los Apeninos.<\/h2>\n<p>[\/et_pb_text][et_pb_text _builder_version=\u00bb4.21.2&#8243; _module_preset=\u00bbdefault\u00bb header_font=\u00bb||||||||\u00bb header_line_height=\u00bb1.2em\u00bb hover_enabled=\u00bb0&#8243; global_colors_info=\u00bb{}\u00bb sticky_enabled=\u00bb0&#8243;]<\/p>\n<p>El <strong>Restaurante del Camping Il Sergente<\/strong> mantiene viva la tradici\u00f3n familiar construida hace 60 a\u00f1os por su abuelo \u00abSergente\u00bb, poniendo sobre la mesa <strong>platos t\u00edpicos<\/strong> y <strong>genuinas especialidades toscanas<\/strong>, acompa\u00f1\u00e1ndolo todo por la <strong>amplia selecci\u00f3n<\/strong> de vinos DOC y DOCG de la excelente bodega del Restaurante.<\/p>\n<p>[\/et_pb_text][et_pb_text _builder_version=\u00bb4.21.0&#8243; _module_preset=\u00bbdefault\u00bb link_text_color=\u00bbrgba(255,38,0,0.61)\u00bb link_font_size=\u00bb16px\u00bb header_font=\u00bb||||||||\u00bb header_line_height=\u00bb1.2em\u00bb global_colors_info=\u00bb{}\u00bb]<\/p>\n<p><a href=\"https:\/\/campingilsergente.it\/es\/menu\/\">Daniele propone &gt;<\/a><\/p>\n<p>[\/et_pb_text][\/et_pb_column][et_pb_column type=\u00bb1_2&#8243; _builder_version=\u00bb4.21.0&#8243; _module_preset=\u00bbdefault\u00bb global_colors_info=\u00bb{}\u00bb][et_pb_text _builder_version=\u00bb4.21.2&#8243; _module_preset=\u00bbdefault\u00bb header_font=\u00bb||||||||\u00bb header_line_height=\u00bb1.2em\u00bb header_3_font=\u00bb|700|||||||\u00bb header_3_font_size=\u00bb15px\u00bb hover_enabled=\u00bb0&#8243; global_colors_info=\u00bb{}\u00bb sticky_enabled=\u00bb0&#8243;]<\/p>\n<h2>Descubra nuestro Men\u00fa<\/h2>\n<h3>Lo mejor de la tradici\u00f3n culinaria toscana directamente a su mesa!<\/h3>\n<p>[\/et_pb_text][et_pb_button button_url=\u00bbhttps:\/\/campingilsergente.it\/es\/menu\/\u00bb button_text=\u00bbMen\u00f9\u00bb _builder_version=\u00bb4.21.0&#8243; _module_preset=\u00bbdefault\u00bb custom_button=\u00bbon\u00bb button_bg_color=\u00bb#ff8c77&#8243; button_border_width=\u00bb0px\u00bb button_border_radius=\u00bb0px\u00bb button_icon=\u00bb&#x35;||divi||400&#8243; global_colors_info=\u00bb{}\u00bb][\/et_pb_button][\/et_pb_column][\/et_pb_row][\/et_pb_section]<\/p>\n","protected":false},"excerpt":{"rendered":"<p>&#8216;Icche ci va ci vuole&#8217; La antigua tradici\u00f3n culinaria de la Toscana en la mesa &nbsp;<div class=\"et_pb_module dsm_star_rating dsm_star_rating_0  et_pb_bg_layout_dark\">\n\t\t\t\t\n\t\t\t\t\n\t\t\t\t\n\t\t\t\t\n\t\t\t\t\n\t\t\t\t\n\t\t\t\t<div class=\"et_pb_module_inner\">\n\t\t\t\t\t<div class=\"dsm-star-rating-wrapper dsm-star-display-type-inline-block dsm-star-title-position-right\">\n\t\t\t\t<div class=\"dsm-star-rating\" title=\"4\/5\"><i class=\"dsm-star-full\">\u2606<\/i><i class=\"dsm-star-full\">\u2606<\/i><i class=\"dsm-star-full\">\u2606<\/i><i class=\"dsm-star-full\">\u2606<\/i><i class=\"dsm-star-0\">\u2606<\/i><\/div><h6 class=\"dsm-star-rating-title et_pb_module_header\"><span >M\u00e1s de 550 opiniones en google<\/span><\/h6>\n\t\t\t\t<\/div>\n\t\t\t\t<\/div>\n\t\t\t<\/div>Eche un vistazo a las cr\u00edticas &gt;Enmarcado por bellos paisajes de los Apeninos.El Restaurante del Camping Il Sergente mantiene viva la tradici\u00f3n familiar construida hace 60 a\u00f1os por su abuelo \u00abSergente\u00bb, poniendo sobre la mesa platos t\u00edpicos y genuinas especialidades toscanas, acompa\u00f1\u00e1ndolo todo por la amplia selecci\u00f3n de vinos DOC y DOCG de la excelente bodega del Restaurante.Daniele propone &gt;Descubra nuestro Men\u00fa Lo mejor de la tradici\u00f3n culinaria toscana directamente a su mesa!<\/p>\n","protected":false},"author":1,"featured_media":0,"parent":0,"menu_order":0,"comment_status":"closed","ping_status":"closed","template":"","meta":{"_et_pb_use_builder":"on","_et_pb_old_content":"","_et_gb_content_width":"","footnotes":""},"class_list":["post-1667","page","type-page","status-publish","hentry"],"yoast_head":"<!-- This site is optimized with the Yoast SEO plugin v27.2 - https:\/\/yoast.com\/product\/yoast-seo-wordpress\/ -->\n<title>Camping Il Sergente | Restaurante toscano<\/title>\n<meta name=\"description\" content=\"El hist\u00f3rico restaurante del camping Il Sergente pone sobre la mesa la antigua tradici\u00f3n culinaria toscana en Barberino di Mugello\" \/>\n<meta name=\"robots\" content=\"index, follow, max-snippet:-1, max-image-preview:large, max-video-preview:-1\" \/>\n<link rel=\"canonical\" href=\"https:\/\/campingilsergente.it\/es\/restaurante\/\" \/>\n<meta property=\"og:locale\" content=\"es_ES\" \/>\n<meta property=\"og:type\" content=\"article\" \/>\n<meta property=\"og:title\" content=\"Camping Il Sergente | Restaurante toscano\" \/>\n<meta property=\"og:description\" content=\"El hist\u00f3rico restaurante del camping Il Sergente pone sobre la mesa la antigua tradici\u00f3n culinaria toscana en Barberino di Mugello\" \/>\n<meta property=\"og:url\" content=\"https:\/\/campingilsergente.it\/es\/restaurante\/\" \/>\n<meta property=\"og:site_name\" content=\"campingilsergente\" \/>\n<meta property=\"article:publisher\" content=\"https:\/\/www.facebook.com\/Camping-Il-Sergente-109062715608192\" \/>\n<meta property=\"article:modified_time\" content=\"2023-11-08T10:23:10+00:00\" \/>\n<meta name=\"twitter:card\" content=\"summary_large_image\" \/>\n<meta name=\"twitter:label1\" content=\"Tiempo de lectura\" \/>\n\t<meta name=\"twitter:data1\" content=\"3 minutos\" \/>\n<script type=\"application\/ld+json\" class=\"yoast-schema-graph\">{\"@context\":\"https:\/\/schema.org\",\"@graph\":[{\"@type\":\"WebPage\",\"@id\":\"https:\/\/campingilsergente.it\/es\/restaurante\/\",\"url\":\"https:\/\/campingilsergente.it\/es\/restaurante\/\",\"name\":\"Camping Il Sergente | Restaurante toscano\",\"isPartOf\":{\"@id\":\"https:\/\/campingilsergente.it\/es\/#website\"},\"datePublished\":\"2023-05-19T10:25:58+00:00\",\"dateModified\":\"2023-11-08T10:23:10+00:00\",\"description\":\"El hist\u00f3rico restaurante del camping Il Sergente pone sobre la mesa la antigua tradici\u00f3n culinaria toscana en Barberino di Mugello\",\"breadcrumb\":{\"@id\":\"https:\/\/campingilsergente.it\/es\/restaurante\/#breadcrumb\"},\"inLanguage\":\"es\",\"potentialAction\":[{\"@type\":\"ReadAction\",\"target\":[\"https:\/\/campingilsergente.it\/es\/restaurante\/\"]}]},{\"@type\":\"BreadcrumbList\",\"@id\":\"https:\/\/campingilsergente.it\/es\/restaurante\/#breadcrumb\",\"itemListElement\":[{\"@type\":\"ListItem\",\"position\":1,\"name\":\"Home\",\"item\":\"https:\/\/campingilsergente.it\/es\/home\/\"},{\"@type\":\"ListItem\",\"position\":2,\"name\":\"Restaurante\"}]},{\"@type\":\"WebSite\",\"@id\":\"https:\/\/campingilsergente.it\/es\/#website\",\"url\":\"https:\/\/campingilsergente.it\/es\/\",\"name\":\"campingilsergente\",\"description\":\"Il camping sulla via degli Dei\",\"publisher\":{\"@id\":\"https:\/\/campingilsergente.it\/es\/#organization\"},\"potentialAction\":[{\"@type\":\"SearchAction\",\"target\":{\"@type\":\"EntryPoint\",\"urlTemplate\":\"https:\/\/campingilsergente.it\/es\/?s={search_term_string}\"},\"query-input\":{\"@type\":\"PropertyValueSpecification\",\"valueRequired\":true,\"valueName\":\"search_term_string\"}}],\"inLanguage\":\"es\"},{\"@type\":\"Organization\",\"@id\":\"https:\/\/campingilsergente.it\/es\/#organization\",\"name\":\"camping il sergente\",\"url\":\"https:\/\/campingilsergente.it\/es\/\",\"logo\":{\"@type\":\"ImageObject\",\"inLanguage\":\"es\",\"@id\":\"https:\/\/campingilsergente.it\/es\/#\/schema\/logo\/image\/\",\"url\":\"https:\/\/campingilsergente.it\/wp-content\/uploads\/2023\/04\/Camping-il-Sergente-Logo.png\",\"contentUrl\":\"https:\/\/campingilsergente.it\/wp-content\/uploads\/2023\/04\/Camping-il-Sergente-Logo.png\",\"width\":187,\"height\":254,\"caption\":\"camping il sergente\"},\"image\":{\"@id\":\"https:\/\/campingilsergente.it\/es\/#\/schema\/logo\/image\/\"},\"sameAs\":[\"https:\/\/www.facebook.com\/Camping-Il-Sergente-109062715608192\",\"https:\/\/www.instagram.com\/campingilsergente\/\"]}]}<\/script>\n<!-- \/ Yoast SEO plugin. -->","yoast_head_json":{"title":"Camping Il Sergente | Restaurante toscano","description":"El hist\u00f3rico restaurante del camping Il Sergente pone sobre la mesa la antigua tradici\u00f3n culinaria toscana en Barberino di Mugello","robots":{"index":"index","follow":"follow","max-snippet":"max-snippet:-1","max-image-preview":"max-image-preview:large","max-video-preview":"max-video-preview:-1"},"canonical":"https:\/\/campingilsergente.it\/es\/restaurante\/","og_locale":"es_ES","og_type":"article","og_title":"Camping Il Sergente | Restaurante toscano","og_description":"El hist\u00f3rico restaurante del camping Il Sergente pone sobre la mesa la antigua tradici\u00f3n culinaria toscana en Barberino di Mugello","og_url":"https:\/\/campingilsergente.it\/es\/restaurante\/","og_site_name":"campingilsergente","article_publisher":"https:\/\/www.facebook.com\/Camping-Il-Sergente-109062715608192","article_modified_time":"2023-11-08T10:23:10+00:00","twitter_card":"summary_large_image","twitter_misc":{"Tiempo de lectura":"3 minutos"},"schema":{"@context":"https:\/\/schema.org","@graph":[{"@type":"WebPage","@id":"https:\/\/campingilsergente.it\/es\/restaurante\/","url":"https:\/\/campingilsergente.it\/es\/restaurante\/","name":"Camping Il Sergente | Restaurante toscano","isPartOf":{"@id":"https:\/\/campingilsergente.it\/es\/#website"},"datePublished":"2023-05-19T10:25:58+00:00","dateModified":"2023-11-08T10:23:10+00:00","description":"El hist\u00f3rico restaurante del camping Il Sergente pone sobre la mesa la antigua tradici\u00f3n culinaria toscana en Barberino di Mugello","breadcrumb":{"@id":"https:\/\/campingilsergente.it\/es\/restaurante\/#breadcrumb"},"inLanguage":"es","potentialAction":[{"@type":"ReadAction","target":["https:\/\/campingilsergente.it\/es\/restaurante\/"]}]},{"@type":"BreadcrumbList","@id":"https:\/\/campingilsergente.it\/es\/restaurante\/#breadcrumb","itemListElement":[{"@type":"ListItem","position":1,"name":"Home","item":"https:\/\/campingilsergente.it\/es\/home\/"},{"@type":"ListItem","position":2,"name":"Restaurante"}]},{"@type":"WebSite","@id":"https:\/\/campingilsergente.it\/es\/#website","url":"https:\/\/campingilsergente.it\/es\/","name":"campingilsergente","description":"Il camping sulla via degli Dei","publisher":{"@id":"https:\/\/campingilsergente.it\/es\/#organization"},"potentialAction":[{"@type":"SearchAction","target":{"@type":"EntryPoint","urlTemplate":"https:\/\/campingilsergente.it\/es\/?s={search_term_string}"},"query-input":{"@type":"PropertyValueSpecification","valueRequired":true,"valueName":"search_term_string"}}],"inLanguage":"es"},{"@type":"Organization","@id":"https:\/\/campingilsergente.it\/es\/#organization","name":"camping il sergente","url":"https:\/\/campingilsergente.it\/es\/","logo":{"@type":"ImageObject","inLanguage":"es","@id":"https:\/\/campingilsergente.it\/es\/#\/schema\/logo\/image\/","url":"https:\/\/campingilsergente.it\/wp-content\/uploads\/2023\/04\/Camping-il-Sergente-Logo.png","contentUrl":"https:\/\/campingilsergente.it\/wp-content\/uploads\/2023\/04\/Camping-il-Sergente-Logo.png","width":187,"height":254,"caption":"camping il sergente"},"image":{"@id":"https:\/\/campingilsergente.it\/es\/#\/schema\/logo\/image\/"},"sameAs":["https:\/\/www.facebook.com\/Camping-Il-Sergente-109062715608192","https:\/\/www.instagram.com\/campingilsergente\/"]}]}},"_links":{"self":[{"href":"https:\/\/campingilsergente.it\/es\/wp-json\/wp\/v2\/pages\/1667","targetHints":{"allow":["GET"]}}],"collection":[{"href":"https:\/\/campingilsergente.it\/es\/wp-json\/wp\/v2\/pages"}],"about":[{"href":"https:\/\/campingilsergente.it\/es\/wp-json\/wp\/v2\/types\/page"}],"author":[{"embeddable":true,"href":"https:\/\/campingilsergente.it\/es\/wp-json\/wp\/v2\/users\/1"}],"replies":[{"embeddable":true,"href":"https:\/\/campingilsergente.it\/es\/wp-json\/wp\/v2\/comments?post=1667"}],"version-history":[{"count":2,"href":"https:\/\/campingilsergente.it\/es\/wp-json\/wp\/v2\/pages\/1667\/revisions"}],"predecessor-version":[{"id":1669,"href":"https:\/\/campingilsergente.it\/es\/wp-json\/wp\/v2\/pages\/1667\/revisions\/1669"}],"wp:attachment":[{"href":"https:\/\/campingilsergente.it\/es\/wp-json\/wp\/v2\/media?parent=1667"}],"curies":[{"name":"wp","href":"https:\/\/api.w.org\/{rel}","templated":true}]}}