{"id":1538,"date":"2023-05-19T10:25:58","date_gmt":"2023-05-19T10:25:58","guid":{"rendered":"https:\/\/campingilsergente.it\/restaurant\/"},"modified":"2023-11-07T16:11:59","modified_gmt":"2023-11-07T16:11:59","slug":"restaurant","status":"publish","type":"page","link":"https:\/\/campingilsergente.it\/de\/restaurant\/","title":{"rendered":"Restaurant"},"content":{"rendered":"<p>[et_pb_section fb_built=&#8220;1&#8243; _builder_version=&#8220;4.20.4&#8243; _module_preset=&#8220;default&#8220; background_color=&#8220;rgba(0,0,0,0.5)&#8220; background_image=&#8220;https:\/\/campingilsergente.it\/wp-content\/uploads\/2023\/06\/Ristorante-hero-camping-sergente.jpg&#8220; background_blend=&#8220;overlay&#8220; custom_padding=&#8220;20px||100px||false|false&#8220; global_colors_info=&#8220;{}&#8220;][et_pb_row use_custom_gutter=&#8220;on&#8220; gutter_width=&#8220;2&#8243; make_equal=&#8220;on&#8220; _builder_version=&#8220;4.20.4&#8243; _module_preset=&#8220;default&#8220; custom_padding=&#8220;0px||||false|false&#8220; global_colors_info=&#8220;{}&#8220;][et_pb_column type=&#8220;4_4&#8243; _builder_version=&#8220;4.20.4&#8243; _module_preset=&#8220;default&#8220; global_colors_info=&#8220;{}&#8220;][et_pb_text _builder_version=&#8220;4.21.2&#8243; _module_preset=&#8220;default&#8220; header_text_color=&#8220;#FFFFFF&#8220; header_font_size=&#8220;40px&#8220; header_line_height=&#8220;1.2em&#8220; header_3_font=&#8220;|300||on|||||&#8220; header_3_text_color=&#8220;#FFFFFF&#8220; header_3_font_size=&#8220;20px&#8220; header_3_line_height=&#8220;1.2em&#8220; hover_enabled=&#8220;0&#8243; global_colors_info=&#8220;{}&#8220; sticky_enabled=&#8220;0&#8243;]<\/p>\n<h3>Icche ci va ci vuole<\/h3>\n<h1>Die alte toskanische kulinarische Tradition bei Tisch<\/h1>\n<p>&nbsp;<\/p>\n<p>[\/et_pb_text][dsm_star_rating rating=&#8220;4,5&#8243; title=&#8220;\u00dcber 550 Bewertungen bei Google&#8220; title_inline_position=&#8220;right&#8220; show_number=&#8220;off&#8220; _builder_version=&#8220;4.20.4&#8243; _module_preset=&#8220;default&#8220; header_level=&#8220;h6&#8243; header_font=&#8220;|||||||#C9B089|&#8220; header_text_color=&#8220;#FFFFFF&#8220; header_font_size=&#8220;16px&#8220; rating_number_text_color=&#8220;#FFFFFF&#8220; background_layout=&#8220;dark&#8220; custom_margin=&#8220;||13px||false|false&#8220; custom_padding=&#8220;||||false|false&#8220; global_colors_info=&#8220;{}&#8220;][\/dsm_star_rating][et_pb_text _builder_version=&#8220;4.20.4&#8243; _module_preset=&#8220;default&#8220; link_font=&#8220;||||on||||&#8220; link_text_color=&#8220;#FFFFFF&#8220; link_font_size=&#8220;12px&#8220; custom_margin=&#8220;||||false|false&#8220; custom_padding=&#8220;||||false|false&#8220; global_colors_info=&#8220;{}&#8220;]<\/p>\n<p><a href=\"http:\/\/www.google.it\/search?q=camping%20il%20sergente%20recensioni\" target=\"_blank\" rel=\"noopener\">Werfen Sie einen Blick auf die Bewertungen  &gt;<\/a><\/p>\n<p>[\/et_pb_text][et_pb_button button_url=&#8220;http:\/\/(+39)%200558423018&#8243; url_new_window=&#8220;on&#8220; button_text=&#8220;Jetzt anrufen&#8220; _builder_version=&#8220;4.20.4&#8243; _module_preset=&#8220;default&#8220; custom_button=&#8220;on&#8220; button_bg_color=&#8220;#ff8c77&#8243; button_border_width=&#8220;0px&#8220; button_border_radius=&#8220;0px&#8220; button_icon=&#8220;&#xe090;||divi||400&#8243; global_colors_info=&#8220;{}&#8220;][\/et_pb_button][\/et_pb_column][\/et_pb_row][\/et_pb_section][et_pb_section fb_built=&#8220;1&#8243; _builder_version=&#8220;4.20.4&#8243; _module_preset=&#8220;default&#8220; global_colors_info=&#8220;{}&#8220;][et_pb_row column_structure=&#8220;1_2,1_2&#8243; _builder_version=&#8220;4.21.0&#8243; _module_preset=&#8220;default&#8220; global_colors_info=&#8220;{}&#8220;][et_pb_column type=&#8220;1_2&#8243; _builder_version=&#8220;4.21.0&#8243; _module_preset=&#8220;default&#8220; global_colors_info=&#8220;{}&#8220;][et_pb_text _builder_version=&#8220;4.21.2&#8243; _module_preset=&#8220;default&#8220; header_font=&#8220;||||||||&#8220; header_line_height=&#8220;1.2em&#8220; hover_enabled=&#8220;0&#8243; global_colors_info=&#8220;{}&#8220; sticky_enabled=&#8220;0&#8243;]<\/p>\n<h2>Umrahmt von wundersch\u00f6nen Landschaften des Apennin<\/h2>\n<p>[\/et_pb_text][et_pb_text _builder_version=&#8220;4.21.2&#8243; _module_preset=&#8220;default&#8220; header_font=&#8220;||||||||&#8220; header_line_height=&#8220;1.2em&#8220; hover_enabled=&#8220;0&#8243; global_colors_info=&#8220;{}&#8220; sticky_enabled=&#8220;0&#8243;]<\/p>\n<p>Das <strong>Restaurant des Campingplatzes Il Sergente<\/strong> f\u00fchrt die Familientradition fort, die vor 60 Jahren von Gro\u00dfvater Sergente ins Leben gerufen wurde. Es werden <strong>typische Gerichte<\/strong> und <strong>echte toskanische Spezialit\u00e4ten<\/strong> serviert, begleitet von einer<strong>gro\u00dfen Auswahl an<\/strong> DOC- und<strong>DOCG-Weinen<\/strong> aus dem hervorragenden Weinkeller des Restaurants.<\/p>\n<p>[\/et_pb_text][et_pb_text _builder_version=&#8220;4.21.0&#8243; _module_preset=&#8220;default&#8220; link_text_color=&#8220;rgba(255,38,0,0.61)&#8220; link_font_size=&#8220;16px&#8220; header_font=&#8220;||||||||&#8220; header_line_height=&#8220;1.2em&#8220; global_colors_info=&#8220;{}&#8220;]<\/p>\n<p><a href=\"https:\/\/campingilsergente.it\/de\/menue\/\">Daniele schl\u00e4gt vor  &gt;<\/a><\/p>\n<p>[\/et_pb_text][\/et_pb_column][et_pb_column type=&#8220;1_2&#8243; _builder_version=&#8220;4.21.0&#8243; _module_preset=&#8220;default&#8220; global_colors_info=&#8220;{}&#8220;][et_pb_text _builder_version=&#8220;4.21.2&#8243; _module_preset=&#8220;default&#8220; header_font=&#8220;||||||||&#8220; header_line_height=&#8220;1.2em&#8220; header_3_font=&#8220;|700|||||||&#8220; header_3_font_size=&#8220;15px&#8220; hover_enabled=&#8220;0&#8243; global_colors_info=&#8220;{}&#8220; sticky_enabled=&#8220;0&#8243;]<\/p>\n<h2>Entdecken Sie unser Men\u00fc<\/h2>\n<h3>Das Beste der toskanischen kulinarischen Tradition direkt auf den Tisch!<\/h3>\n<p>[\/et_pb_text][et_pb_button button_url=&#8220;https:\/\/campingilsergente.it\/de\/menue\/&#8220; button_text=&#8220;Men\u00fc&#8220; _builder_version=&#8220;4.21.0&#8243; _module_preset=&#8220;default&#8220; custom_button=&#8220;on&#8220; button_bg_color=&#8220;#ff8c77&#8243; button_border_width=&#8220;0px&#8220; button_border_radius=&#8220;0px&#8220; button_icon=&#8220;&#x35;||divi||400&#8243; global_colors_info=&#8220;{}&#8220;][\/et_pb_button][\/et_pb_column][\/et_pb_row][\/et_pb_section]<\/p>\n","protected":false},"excerpt":{"rendered":"<p>Icche ci va ci vuole Die alte toskanische kulinarische Tradition bei Tisch &nbsp;<div class=\"et_pb_module dsm_star_rating dsm_star_rating_0  et_pb_bg_layout_dark\">\n\t\t\t\t\n\t\t\t\t\n\t\t\t\t\n\t\t\t\t\n\t\t\t\t\n\t\t\t\t\n\t\t\t\t<div class=\"et_pb_module_inner\">\n\t\t\t\t\t<div class=\"dsm-star-rating-wrapper dsm-star-display-type-inline-block dsm-star-title-position-right\">\n\t\t\t\t<div class=\"dsm-star-rating\" title=\"4\/5\"><i class=\"dsm-star-full\">\u2606<\/i><i class=\"dsm-star-full\">\u2606<\/i><i class=\"dsm-star-full\">\u2606<\/i><i class=\"dsm-star-full\">\u2606<\/i><i class=\"dsm-star-0\">\u2606<\/i><\/div><h6 class=\"dsm-star-rating-title et_pb_module_header\"><span >\u00dcber 550 Bewertungen bei Google<\/span><\/h6>\n\t\t\t\t<\/div>\n\t\t\t\t<\/div>\n\t\t\t<\/div>Werfen Sie einen Blick auf die Bewertungen &gt;Umrahmt von wundersch\u00f6nen Landschaften des ApenninDas Restaurant des Campingplatzes Il Sergente f\u00fchrt die Familientradition fort, die vor 60 Jahren von Gro\u00dfvater Sergente ins Leben gerufen wurde. Es werden typische Gerichte und echte toskanische Spezialit\u00e4ten serviert, begleitet von einergro\u00dfen Auswahl an DOC- undDOCG-Weinen aus dem hervorragenden Weinkeller des Restaurants.Daniele schl\u00e4gt vor &gt;Entdecken Sie unser Men\u00fc Das Beste der toskanischen kulinarischen Tradition direkt auf den Tisch!<\/p>\n","protected":false},"author":1,"featured_media":0,"parent":0,"menu_order":0,"comment_status":"closed","ping_status":"closed","template":"","meta":{"_et_pb_use_builder":"on","_et_pb_old_content":"","_et_gb_content_width":"","footnotes":""},"class_list":["post-1538","page","type-page","status-publish","hentry"],"yoast_head":"<!-- This site is optimized with the Yoast SEO plugin v27.2 - https:\/\/yoast.com\/product\/yoast-seo-wordpress\/ -->\n<title>Camping Il Sergente | Toskanisches Restaurant<\/title>\n<meta name=\"description\" content=\"Das historische Restaurant des Campingplatzes Il Sergente bringt die alte toskanische kulinarische Tradition in Barberino di Mugello auf den Tisch\" \/>\n<meta name=\"robots\" content=\"index, follow, max-snippet:-1, max-image-preview:large, max-video-preview:-1\" \/>\n<link rel=\"canonical\" href=\"https:\/\/campingilsergente.it\/de\/restaurant\/\" \/>\n<meta property=\"og:locale\" content=\"de_DE\" \/>\n<meta property=\"og:type\" content=\"article\" \/>\n<meta property=\"og:title\" content=\"Camping Il Sergente | Toskanisches Restaurant\" \/>\n<meta property=\"og:description\" content=\"Das historische Restaurant des Campingplatzes Il Sergente bringt die alte toskanische kulinarische Tradition in Barberino di Mugello auf den Tisch\" \/>\n<meta property=\"og:url\" content=\"https:\/\/campingilsergente.it\/de\/restaurant\/\" \/>\n<meta property=\"og:site_name\" content=\"campingilsergente\" \/>\n<meta property=\"article:publisher\" content=\"https:\/\/www.facebook.com\/Camping-Il-Sergente-109062715608192\" \/>\n<meta property=\"article:modified_time\" content=\"2023-11-07T16:11:59+00:00\" \/>\n<meta name=\"twitter:card\" content=\"summary_large_image\" \/>\n<meta name=\"twitter:label1\" content=\"Gesch\u00e4tzte Lesezeit\" \/>\n\t<meta name=\"twitter:data1\" content=\"3\u00a0Minuten\" \/>\n<script type=\"application\/ld+json\" class=\"yoast-schema-graph\">{\"@context\":\"https:\/\/schema.org\",\"@graph\":[{\"@type\":\"WebPage\",\"@id\":\"https:\/\/campingilsergente.it\/de\/restaurant\/\",\"url\":\"https:\/\/campingilsergente.it\/de\/restaurant\/\",\"name\":\"Camping Il Sergente | Toskanisches Restaurant\",\"isPartOf\":{\"@id\":\"https:\/\/campingilsergente.it\/de\/#website\"},\"datePublished\":\"2023-05-19T10:25:58+00:00\",\"dateModified\":\"2023-11-07T16:11:59+00:00\",\"description\":\"Das historische Restaurant des Campingplatzes Il Sergente bringt die alte toskanische kulinarische Tradition in Barberino di Mugello auf den Tisch\",\"breadcrumb\":{\"@id\":\"https:\/\/campingilsergente.it\/de\/restaurant\/#breadcrumb\"},\"inLanguage\":\"de\",\"potentialAction\":[{\"@type\":\"ReadAction\",\"target\":[\"https:\/\/campingilsergente.it\/de\/restaurant\/\"]}]},{\"@type\":\"BreadcrumbList\",\"@id\":\"https:\/\/campingilsergente.it\/de\/restaurant\/#breadcrumb\",\"itemListElement\":[{\"@type\":\"ListItem\",\"position\":1,\"name\":\"Home\",\"item\":\"https:\/\/campingilsergente.it\/de\/startseite\/\"},{\"@type\":\"ListItem\",\"position\":2,\"name\":\"Restaurant\"}]},{\"@type\":\"WebSite\",\"@id\":\"https:\/\/campingilsergente.it\/de\/#website\",\"url\":\"https:\/\/campingilsergente.it\/de\/\",\"name\":\"campingilsergente\",\"description\":\"Il camping sulla via degli Dei\",\"publisher\":{\"@id\":\"https:\/\/campingilsergente.it\/de\/#organization\"},\"potentialAction\":[{\"@type\":\"SearchAction\",\"target\":{\"@type\":\"EntryPoint\",\"urlTemplate\":\"https:\/\/campingilsergente.it\/de\/?s={search_term_string}\"},\"query-input\":{\"@type\":\"PropertyValueSpecification\",\"valueRequired\":true,\"valueName\":\"search_term_string\"}}],\"inLanguage\":\"de\"},{\"@type\":\"Organization\",\"@id\":\"https:\/\/campingilsergente.it\/de\/#organization\",\"name\":\"camping il sergente\",\"url\":\"https:\/\/campingilsergente.it\/de\/\",\"logo\":{\"@type\":\"ImageObject\",\"inLanguage\":\"de\",\"@id\":\"https:\/\/campingilsergente.it\/de\/#\/schema\/logo\/image\/\",\"url\":\"https:\/\/campingilsergente.it\/wp-content\/uploads\/2023\/04\/Camping-il-Sergente-Logo.png\",\"contentUrl\":\"https:\/\/campingilsergente.it\/wp-content\/uploads\/2023\/04\/Camping-il-Sergente-Logo.png\",\"width\":187,\"height\":254,\"caption\":\"camping il sergente\"},\"image\":{\"@id\":\"https:\/\/campingilsergente.it\/de\/#\/schema\/logo\/image\/\"},\"sameAs\":[\"https:\/\/www.facebook.com\/Camping-Il-Sergente-109062715608192\",\"https:\/\/www.instagram.com\/campingilsergente\/\"]}]}<\/script>\n<!-- \/ Yoast SEO plugin. -->","yoast_head_json":{"title":"Camping Il Sergente | Toskanisches Restaurant","description":"Das historische Restaurant des Campingplatzes Il Sergente bringt die alte toskanische kulinarische Tradition in Barberino di Mugello auf den Tisch","robots":{"index":"index","follow":"follow","max-snippet":"max-snippet:-1","max-image-preview":"max-image-preview:large","max-video-preview":"max-video-preview:-1"},"canonical":"https:\/\/campingilsergente.it\/de\/restaurant\/","og_locale":"de_DE","og_type":"article","og_title":"Camping Il Sergente | Toskanisches Restaurant","og_description":"Das historische Restaurant des Campingplatzes Il Sergente bringt die alte toskanische kulinarische Tradition in Barberino di Mugello auf den Tisch","og_url":"https:\/\/campingilsergente.it\/de\/restaurant\/","og_site_name":"campingilsergente","article_publisher":"https:\/\/www.facebook.com\/Camping-Il-Sergente-109062715608192","article_modified_time":"2023-11-07T16:11:59+00:00","twitter_card":"summary_large_image","twitter_misc":{"Gesch\u00e4tzte Lesezeit":"3\u00a0Minuten"},"schema":{"@context":"https:\/\/schema.org","@graph":[{"@type":"WebPage","@id":"https:\/\/campingilsergente.it\/de\/restaurant\/","url":"https:\/\/campingilsergente.it\/de\/restaurant\/","name":"Camping Il Sergente | Toskanisches Restaurant","isPartOf":{"@id":"https:\/\/campingilsergente.it\/de\/#website"},"datePublished":"2023-05-19T10:25:58+00:00","dateModified":"2023-11-07T16:11:59+00:00","description":"Das historische Restaurant des Campingplatzes Il Sergente bringt die alte toskanische kulinarische Tradition in Barberino di Mugello auf den Tisch","breadcrumb":{"@id":"https:\/\/campingilsergente.it\/de\/restaurant\/#breadcrumb"},"inLanguage":"de","potentialAction":[{"@type":"ReadAction","target":["https:\/\/campingilsergente.it\/de\/restaurant\/"]}]},{"@type":"BreadcrumbList","@id":"https:\/\/campingilsergente.it\/de\/restaurant\/#breadcrumb","itemListElement":[{"@type":"ListItem","position":1,"name":"Home","item":"https:\/\/campingilsergente.it\/de\/startseite\/"},{"@type":"ListItem","position":2,"name":"Restaurant"}]},{"@type":"WebSite","@id":"https:\/\/campingilsergente.it\/de\/#website","url":"https:\/\/campingilsergente.it\/de\/","name":"campingilsergente","description":"Il camping sulla via degli Dei","publisher":{"@id":"https:\/\/campingilsergente.it\/de\/#organization"},"potentialAction":[{"@type":"SearchAction","target":{"@type":"EntryPoint","urlTemplate":"https:\/\/campingilsergente.it\/de\/?s={search_term_string}"},"query-input":{"@type":"PropertyValueSpecification","valueRequired":true,"valueName":"search_term_string"}}],"inLanguage":"de"},{"@type":"Organization","@id":"https:\/\/campingilsergente.it\/de\/#organization","name":"camping il sergente","url":"https:\/\/campingilsergente.it\/de\/","logo":{"@type":"ImageObject","inLanguage":"de","@id":"https:\/\/campingilsergente.it\/de\/#\/schema\/logo\/image\/","url":"https:\/\/campingilsergente.it\/wp-content\/uploads\/2023\/04\/Camping-il-Sergente-Logo.png","contentUrl":"https:\/\/campingilsergente.it\/wp-content\/uploads\/2023\/04\/Camping-il-Sergente-Logo.png","width":187,"height":254,"caption":"camping il sergente"},"image":{"@id":"https:\/\/campingilsergente.it\/de\/#\/schema\/logo\/image\/"},"sameAs":["https:\/\/www.facebook.com\/Camping-Il-Sergente-109062715608192","https:\/\/www.instagram.com\/campingilsergente\/"]}]}},"_links":{"self":[{"href":"https:\/\/campingilsergente.it\/de\/wp-json\/wp\/v2\/pages\/1538","targetHints":{"allow":["GET"]}}],"collection":[{"href":"https:\/\/campingilsergente.it\/de\/wp-json\/wp\/v2\/pages"}],"about":[{"href":"https:\/\/campingilsergente.it\/de\/wp-json\/wp\/v2\/types\/page"}],"author":[{"embeddable":true,"href":"https:\/\/campingilsergente.it\/de\/wp-json\/wp\/v2\/users\/1"}],"replies":[{"embeddable":true,"href":"https:\/\/campingilsergente.it\/de\/wp-json\/wp\/v2\/comments?post=1538"}],"version-history":[{"count":2,"href":"https:\/\/campingilsergente.it\/de\/wp-json\/wp\/v2\/pages\/1538\/revisions"}],"predecessor-version":[{"id":1540,"href":"https:\/\/campingilsergente.it\/de\/wp-json\/wp\/v2\/pages\/1538\/revisions\/1540"}],"wp:attachment":[{"href":"https:\/\/campingilsergente.it\/de\/wp-json\/wp\/v2\/media?parent=1538"}],"curies":[{"name":"wp","href":"https:\/\/api.w.org\/{rel}","templated":true}]}}