{"id":1494,"date":"2023-06-30T14:40:11","date_gmt":"2023-06-30T14:40:11","guid":{"rendered":"https:\/\/campingilsergente.it\/blog\/"},"modified":"2023-11-07T16:06:54","modified_gmt":"2023-11-07T16:06:54","slug":"blog","status":"publish","type":"page","link":"https:\/\/campingilsergente.it\/de\/blog\/","title":{"rendered":"Blog"},"content":{"rendered":"<p>[et_pb_section fb_built=&#8220;1&#8243; _builder_version=&#8220;4.20.4&#8243; _module_preset=&#8220;default&#8220; background_color=&#8220;rgba(0,0,0,0.5)&#8220; background_image=&#8220;https:\/\/campingilsergente.it\/wp-content\/uploads\/2023\/06\/Esterni-hero-camping-sergente.jpg&#8220; background_blend=&#8220;overlay&#8220; custom_padding=&#8220;20px||100px||false|false&#8220; global_colors_info=&#8220;{}&#8220;][et_pb_row use_custom_gutter=&#8220;on&#8220; gutter_width=&#8220;2&#8243; make_equal=&#8220;on&#8220; _builder_version=&#8220;4.20.4&#8243; _module_preset=&#8220;default&#8220; custom_padding=&#8220;0px||||false|false&#8220; global_colors_info=&#8220;{}&#8220;][et_pb_column type=&#8220;4_4&#8243; _builder_version=&#8220;4.20.4&#8243; _module_preset=&#8220;default&#8220; global_colors_info=&#8220;{}&#8220;][dsm_breadcrumbs show_home_icon=&#8220;off&#8220; current_bg_color=&#8220;RGBA(255,255,255,0)&#8220; items_padding=&#8220;0px||0px||false|true&#8220; _builder_version=&#8220;4.20.4&#8243; _module_preset=&#8220;default&#8220; items_text_color=&#8220;#FFFFFF&#8220; separators_text_color=&#8220;#C9B089&#8243; current_text_color=&#8220;#FFFFFF&#8220; global_colors_info=&#8220;{}&#8220;][\/dsm_breadcrumbs][et_pb_text _builder_version=&#8220;4.21.0&#8243; _module_preset=&#8220;default&#8220; header_text_color=&#8220;#FFFFFF&#8220; header_font_size=&#8220;40px&#8220; header_line_height=&#8220;1.2em&#8220; header_3_font=&#8220;|300||on|||||&#8220; header_3_text_color=&#8220;#FFFFFF&#8220; header_3_font_size=&#8220;20px&#8220; header_3_line_height=&#8220;1.2em&#8220; global_colors_info=&#8220;{}&#8220;]<\/p>\n<h3>Blog<\/h3>\n<h1>Tipps &amp; Pillen<\/h1>\n<p>&nbsp;<\/p>\n<p>[\/et_pb_text][dsm_star_rating rating=&#8220;4,5&#8243; title=&#8220;\u00dcber 550 Bewertungen bei Google&#8220; title_inline_position=&#8220;right&#8220; show_number=&#8220;off&#8220; _builder_version=&#8220;4.20.4&#8243; _module_preset=&#8220;default&#8220; header_level=&#8220;h6&#8243; header_font=&#8220;|||||||#C9B089|&#8220; header_text_color=&#8220;#FFFFFF&#8220; header_font_size=&#8220;16px&#8220; rating_number_text_color=&#8220;#FFFFFF&#8220; background_layout=&#8220;dark&#8220; custom_margin=&#8220;||13px||false|false&#8220; custom_padding=&#8220;||||false|false&#8220; global_colors_info=&#8220;{}&#8220;][\/dsm_star_rating][et_pb_text _builder_version=&#8220;4.20.4&#8243; _module_preset=&#8220;default&#8220; link_font=&#8220;||||on||||&#8220; link_text_color=&#8220;#FFFFFF&#8220; link_font_size=&#8220;12px&#8220; custom_margin=&#8220;||||false|false&#8220; custom_padding=&#8220;||||false|false&#8220; global_colors_info=&#8220;{}&#8220;]<\/p>\n<p><a href=\"http:\/\/www.google.it\/search?q=camping%20il%20sergente%20recensioni\" target=\"_blank\" rel=\"noopener\">Werfen Sie einen Blick auf die Bewertungen  &gt;<\/a><\/p>\n<p>[\/et_pb_text][\/et_pb_column][\/et_pb_row][\/et_pb_section][et_pb_section fb_built=&#8220;1&#8243; _builder_version=&#8220;4.20.4&#8243; _module_preset=&#8220;default&#8220; global_colors_info=&#8220;{}&#8220;][et_pb_row _builder_version=&#8220;4.20.4&#8243; _module_preset=&#8220;default&#8220; custom_padding=&#8220;50px||50px||true|false&#8220; global_colors_info=&#8220;{}&#8220;][et_pb_column type=&#8220;4_4&#8243; _builder_version=&#8220;4.20.4&#8243; _module_preset=&#8220;default&#8220; global_colors_info=&#8220;{}&#8220;][et_pb_text _builder_version=&#8220;4.21.2&#8243; _module_preset=&#8220;default&#8220; hover_enabled=&#8220;0&#8243; global_colors_info=&#8220;{}&#8220; sticky_enabled=&#8220;0&#8243;]<\/p>\n<h2>Alle Artikel von Sergeant anzeigen<\/h2>\n<p>[\/et_pb_text][dsm_blog_carousel include_categories=&#8220;all&#8220; use_excerpt=&#8220;off&#8220; use_category=&#8220;on&#8220; use_readmore=&#8220;on&#8220; readmore_text=&#8220;entdecken Sie die meisten&#8220; pagi_active_color=&#8220;#C9B089&#8243; navi_color=&#8220;#FFFFFF&#8220; navi_background_color=&#8220;#886552&#8243; post_equal_height=&#8220;on&#8220; post_item_bg_color=&#8220;#f2f2f2&#8243; _builder_version=&#8220;4.21.0&#8243; _module_preset=&#8220;default&#8220; date_text_color=&#8220;#000000&#8243; date_font_size=&#8220;12px&#8220; author_text_color=&#8220;#C9B089&#8243; author_font_size=&#8220;12px&#8220; category_text_color=&#8220;#C9B089&#8243; category_font_size=&#8220;12px&#8220; custom_readmore=&#8220;on&#8220; readmore_text_size=&#8220;12px&#8220; readmore_bg_color=&#8220;#886552&#8243; readmore_border_width=&#8220;0px&#8220; readmore_border_radius=&#8220;0px&#8220; global_colors_info=&#8220;{}&#8220; readmore_bg_color__hover_enabled=&#8220;on|hover&#8220; readmore_bg_color__hover=&#8220;#886552&#8243;][\/dsm_blog_carousel][\/et_pb_column][\/et_pb_row][\/et_pb_section]<\/p>\n","protected":false},"excerpt":{"rendered":"<p><div class=\"et_pb_module dsm_breadcrumbs dsm_breadcrumbs_0\">\n\t\t\t\t\n\t\t\t\t\n\t\t\t\t\n\t\t\t\t\n\t\t\t\t\n\t\t\t\t\n\t\t\t\t<div class=\"et_pb_module_inner\">\n\t\t\t\t\t<nav class=\"dsm_breadcrumbs_wrap\">\n\t\t\t\t<ul class=\"dsm_breadcrumbs\" itemscope itemtype=\"https:\/\/schema.org\/BreadcrumbList\">\t\t\t<li class=\"dsm_breadcrumbs_item dsm_home_item dsm_home_item_custom\" itemprop=\"itemListElement\" itemscope\n\t\t\titemtype=\"https:\/\/schema.org\/ListItem\">\n\t\t\t\t<a href=\"https:\/\/campingilsergente.it\/de\/\" itemprop=\"item\" target=\"\">\n\t\t\t\t\t<span class='dsm_home_text_wrapper'>\n\t\t\t\t\t\t\t\t\t\t\t\t\t<span class=\"dsm_home_text\" itemprop=\"name\">\n\t\t\t\t\t\t\t\tHome\t\t\t\t\t\t\t<\/span>\n\t\t\t\t\t<\/span>\n\t\t\t\t<\/a>\n\t\t\t\t<meta itemprop=\"position\" content=\"1\" \/>\n\t\t\t<\/li>\n\n\t\t<li class=\"dsm_breadcrumbs_separator\"> <span class=\"et-pb-icon dsm_separator_icon\">5<\/span><\/li><\/ul>\n\t\t\t<\/nav>\n\t\t\t\t<\/div>\n\t\t\t<\/div>Blog Tipps &amp; Pillen &nbsp;<div class=\"et_pb_module dsm_star_rating dsm_star_rating_0  et_pb_bg_layout_dark\">\n\t\t\t\t\n\t\t\t\t\n\t\t\t\t\n\t\t\t\t\n\t\t\t\t\n\t\t\t\t\n\t\t\t\t<div class=\"et_pb_module_inner\">\n\t\t\t\t\t<div class=\"dsm-star-rating-wrapper dsm-star-display-type-inline-block dsm-star-title-position-right\">\n\t\t\t\t<div class=\"dsm-star-rating\" title=\"4\/5\"><i class=\"dsm-star-full\">\u2606<\/i><i class=\"dsm-star-full\">\u2606<\/i><i class=\"dsm-star-full\">\u2606<\/i><i class=\"dsm-star-full\">\u2606<\/i><i class=\"dsm-star-0\">\u2606<\/i><\/div><h6 class=\"dsm-star-rating-title et_pb_module_header\"><span >\u00dcber 550 Bewertungen bei Google<\/span><\/h6>\n\t\t\t\t<\/div>\n\t\t\t\t<\/div>\n\t\t\t<\/div>Werfen Sie einen Blick auf die Bewertungen &gt;Alle Artikel von Sergeant anzeigen<div class=\"et_pb_module dsm_blog_carousel dsm_blog_carousel_0\">\n\t\t\t\t\n\t\t\t\t\n\t\t\t\t\n\t\t\t\t\n\t\t\t\t\n\t\t\t\t\n\t\t\t\t<div class=\"et_pb_module_inner\">\n\t\t\t\t\t<div class=\"dsm-blog-carousel\" data-orientation='horizontal' data-loop='1' data-speed='500' data-columnsdesktop='3' data-columnsphone='1' data-columnstablet='2' data-autoplay='on' data-autoplayspeed='5000' data-ordernumber='0' data-spacing='30' data-spacingtablet='30' data-spacingphone='30' data-effect='default' data-effect-shadows='off' data-effect-coverflow-rotate='30' data-effect-coverflow-depth='100' data-centered='off' data-multi-row='off' data-row='1' data-rowstablet='1' data-rowsphone='1' data-pagi-button-style='bullets' data-pause-on-hover='off' data-touch-move='off' data-grab='on' data-mousewheel='off' data-autoplay-viewport='80%'>\n\t\t\t\t<div class=\"swiper-container dsm_blog_carousel_wrapper\" dir=\"ltr\">\n\t\t\t\t\t<div class=\"dsm-blog-carousel-wrapper swiper-wrapper\">\n\t\t\t\t\t\t<div class=\"entry\">\n\t<h1 class=\"not-found-title\">Keine Ergebnisse gefunden<\/h1>\n\t<p>Die angefragte Seite konnte nicht gefunden werden. Verfeinern Sie Ihre Suche oder verwenden Sie die Navigation oben, um den Beitrag zu finden.<\/p>\n<\/div>\n\n\t\t\t\t\t<\/div>\n\t\t\t\t<\/div>\n\t\t\t\t<div class=\"swiper-button-next swiper-arrow-button dsm-arrow-button-next0\" data-icon=5><\/div>\n\t\t\t\t<div class=\"swiper-button-prev swiper-arrow-button dsm-arrow-button-prev0\" data-icon=4><\/div>\n\t\t\t\t<div class=\"swiper-container-horizontal\">\n\t\t\t\t\t<div class=\"swiper-pagination dsm-pagination0\"><\/div>\n\t\t\t\t<\/div>\n\t\t\t<\/div>\n\t\t\t\t<\/div>\n\t\t\t<\/div><\/p>\n","protected":false},"author":1,"featured_media":0,"parent":0,"menu_order":0,"comment_status":"closed","ping_status":"closed","template":"","meta":{"_et_pb_use_builder":"on","_et_pb_old_content":"","_et_gb_content_width":"","footnotes":""},"class_list":["post-1494","page","type-page","status-publish","hentry"],"yoast_head":"<!-- This site is optimized with the Yoast SEO plugin v27.2 - https:\/\/yoast.com\/product\/yoast-seo-wordpress\/ -->\n<title>Camping Il Sergente | Tipps und Tricks<\/title>\n<meta name=\"description\" content=\"Entdecken Sie unsere Ratschl\u00e4ge und Tipps f\u00fcr den Weg der G\u00f6tter und vieles mehr. Die besten Tipps f\u00fcr Ihren Urlaub in der Toskana.\" \/>\n<meta name=\"robots\" content=\"index, follow, max-snippet:-1, max-image-preview:large, max-video-preview:-1\" \/>\n<link rel=\"canonical\" href=\"https:\/\/campingilsergente.it\/de\/blog\/\" \/>\n<meta property=\"og:locale\" content=\"de_DE\" \/>\n<meta property=\"og:type\" content=\"article\" \/>\n<meta property=\"og:title\" content=\"Camping Il Sergente | Tipps und Tricks\" \/>\n<meta property=\"og:description\" content=\"Entdecken Sie unsere Ratschl\u00e4ge und Tipps f\u00fcr den Weg der G\u00f6tter und vieles mehr. Die besten Tipps f\u00fcr Ihren Urlaub in der Toskana.\" \/>\n<meta property=\"og:url\" content=\"https:\/\/campingilsergente.it\/de\/blog\/\" \/>\n<meta property=\"og:site_name\" content=\"campingilsergente\" \/>\n<meta property=\"article:publisher\" content=\"https:\/\/www.facebook.com\/Camping-Il-Sergente-109062715608192\" \/>\n<meta property=\"article:modified_time\" content=\"2023-11-07T16:06:54+00:00\" \/>\n<meta name=\"twitter:card\" content=\"summary_large_image\" \/>\n<meta name=\"twitter:label1\" content=\"Gesch\u00e4tzte Lesezeit\" \/>\n\t<meta name=\"twitter:data1\" content=\"2\u00a0Minuten\" \/>\n<script type=\"application\/ld+json\" class=\"yoast-schema-graph\">{\"@context\":\"https:\/\/schema.org\",\"@graph\":[{\"@type\":\"WebPage\",\"@id\":\"https:\/\/campingilsergente.it\/de\/blog\/\",\"url\":\"https:\/\/campingilsergente.it\/de\/blog\/\",\"name\":\"Camping Il Sergente | Tipps und Tricks\",\"isPartOf\":{\"@id\":\"https:\/\/campingilsergente.it\/de\/#website\"},\"datePublished\":\"2023-06-30T14:40:11+00:00\",\"dateModified\":\"2023-11-07T16:06:54+00:00\",\"description\":\"Entdecken Sie unsere Ratschl\u00e4ge und Tipps f\u00fcr den Weg der G\u00f6tter und vieles mehr. Die besten Tipps f\u00fcr Ihren Urlaub in der Toskana.\",\"breadcrumb\":{\"@id\":\"https:\/\/campingilsergente.it\/de\/blog\/#breadcrumb\"},\"inLanguage\":\"de\",\"potentialAction\":[{\"@type\":\"ReadAction\",\"target\":[\"https:\/\/campingilsergente.it\/de\/blog\/\"]}]},{\"@type\":\"BreadcrumbList\",\"@id\":\"https:\/\/campingilsergente.it\/de\/blog\/#breadcrumb\",\"itemListElement\":[{\"@type\":\"ListItem\",\"position\":1,\"name\":\"Home\",\"item\":\"https:\/\/campingilsergente.it\/de\/startseite\/\"},{\"@type\":\"ListItem\",\"position\":2,\"name\":\"Blog\"}]},{\"@type\":\"WebSite\",\"@id\":\"https:\/\/campingilsergente.it\/de\/#website\",\"url\":\"https:\/\/campingilsergente.it\/de\/\",\"name\":\"campingilsergente\",\"description\":\"Il camping sulla via degli Dei\",\"publisher\":{\"@id\":\"https:\/\/campingilsergente.it\/de\/#organization\"},\"potentialAction\":[{\"@type\":\"SearchAction\",\"target\":{\"@type\":\"EntryPoint\",\"urlTemplate\":\"https:\/\/campingilsergente.it\/de\/?s={search_term_string}\"},\"query-input\":{\"@type\":\"PropertyValueSpecification\",\"valueRequired\":true,\"valueName\":\"search_term_string\"}}],\"inLanguage\":\"de\"},{\"@type\":\"Organization\",\"@id\":\"https:\/\/campingilsergente.it\/de\/#organization\",\"name\":\"camping il sergente\",\"url\":\"https:\/\/campingilsergente.it\/de\/\",\"logo\":{\"@type\":\"ImageObject\",\"inLanguage\":\"de\",\"@id\":\"https:\/\/campingilsergente.it\/de\/#\/schema\/logo\/image\/\",\"url\":\"https:\/\/campingilsergente.it\/wp-content\/uploads\/2023\/04\/Camping-il-Sergente-Logo.png\",\"contentUrl\":\"https:\/\/campingilsergente.it\/wp-content\/uploads\/2023\/04\/Camping-il-Sergente-Logo.png\",\"width\":187,\"height\":254,\"caption\":\"camping il sergente\"},\"image\":{\"@id\":\"https:\/\/campingilsergente.it\/de\/#\/schema\/logo\/image\/\"},\"sameAs\":[\"https:\/\/www.facebook.com\/Camping-Il-Sergente-109062715608192\",\"https:\/\/www.instagram.com\/campingilsergente\/\"]}]}<\/script>\n<!-- \/ Yoast SEO plugin. -->","yoast_head_json":{"title":"Camping Il Sergente | Tipps und Tricks","description":"Entdecken Sie unsere Ratschl\u00e4ge und Tipps f\u00fcr den Weg der G\u00f6tter und vieles mehr. Die besten Tipps f\u00fcr Ihren Urlaub in der Toskana.","robots":{"index":"index","follow":"follow","max-snippet":"max-snippet:-1","max-image-preview":"max-image-preview:large","max-video-preview":"max-video-preview:-1"},"canonical":"https:\/\/campingilsergente.it\/de\/blog\/","og_locale":"de_DE","og_type":"article","og_title":"Camping Il Sergente | Tipps und Tricks","og_description":"Entdecken Sie unsere Ratschl\u00e4ge und Tipps f\u00fcr den Weg der G\u00f6tter und vieles mehr. Die besten Tipps f\u00fcr Ihren Urlaub in der Toskana.","og_url":"https:\/\/campingilsergente.it\/de\/blog\/","og_site_name":"campingilsergente","article_publisher":"https:\/\/www.facebook.com\/Camping-Il-Sergente-109062715608192","article_modified_time":"2023-11-07T16:06:54+00:00","twitter_card":"summary_large_image","twitter_misc":{"Gesch\u00e4tzte Lesezeit":"2\u00a0Minuten"},"schema":{"@context":"https:\/\/schema.org","@graph":[{"@type":"WebPage","@id":"https:\/\/campingilsergente.it\/de\/blog\/","url":"https:\/\/campingilsergente.it\/de\/blog\/","name":"Camping Il Sergente | Tipps und Tricks","isPartOf":{"@id":"https:\/\/campingilsergente.it\/de\/#website"},"datePublished":"2023-06-30T14:40:11+00:00","dateModified":"2023-11-07T16:06:54+00:00","description":"Entdecken Sie unsere Ratschl\u00e4ge und Tipps f\u00fcr den Weg der G\u00f6tter und vieles mehr. Die besten Tipps f\u00fcr Ihren Urlaub in der Toskana.","breadcrumb":{"@id":"https:\/\/campingilsergente.it\/de\/blog\/#breadcrumb"},"inLanguage":"de","potentialAction":[{"@type":"ReadAction","target":["https:\/\/campingilsergente.it\/de\/blog\/"]}]},{"@type":"BreadcrumbList","@id":"https:\/\/campingilsergente.it\/de\/blog\/#breadcrumb","itemListElement":[{"@type":"ListItem","position":1,"name":"Home","item":"https:\/\/campingilsergente.it\/de\/startseite\/"},{"@type":"ListItem","position":2,"name":"Blog"}]},{"@type":"WebSite","@id":"https:\/\/campingilsergente.it\/de\/#website","url":"https:\/\/campingilsergente.it\/de\/","name":"campingilsergente","description":"Il camping sulla via degli Dei","publisher":{"@id":"https:\/\/campingilsergente.it\/de\/#organization"},"potentialAction":[{"@type":"SearchAction","target":{"@type":"EntryPoint","urlTemplate":"https:\/\/campingilsergente.it\/de\/?s={search_term_string}"},"query-input":{"@type":"PropertyValueSpecification","valueRequired":true,"valueName":"search_term_string"}}],"inLanguage":"de"},{"@type":"Organization","@id":"https:\/\/campingilsergente.it\/de\/#organization","name":"camping il sergente","url":"https:\/\/campingilsergente.it\/de\/","logo":{"@type":"ImageObject","inLanguage":"de","@id":"https:\/\/campingilsergente.it\/de\/#\/schema\/logo\/image\/","url":"https:\/\/campingilsergente.it\/wp-content\/uploads\/2023\/04\/Camping-il-Sergente-Logo.png","contentUrl":"https:\/\/campingilsergente.it\/wp-content\/uploads\/2023\/04\/Camping-il-Sergente-Logo.png","width":187,"height":254,"caption":"camping il sergente"},"image":{"@id":"https:\/\/campingilsergente.it\/de\/#\/schema\/logo\/image\/"},"sameAs":["https:\/\/www.facebook.com\/Camping-Il-Sergente-109062715608192","https:\/\/www.instagram.com\/campingilsergente\/"]}]}},"_links":{"self":[{"href":"https:\/\/campingilsergente.it\/de\/wp-json\/wp\/v2\/pages\/1494","targetHints":{"allow":["GET"]}}],"collection":[{"href":"https:\/\/campingilsergente.it\/de\/wp-json\/wp\/v2\/pages"}],"about":[{"href":"https:\/\/campingilsergente.it\/de\/wp-json\/wp\/v2\/types\/page"}],"author":[{"embeddable":true,"href":"https:\/\/campingilsergente.it\/de\/wp-json\/wp\/v2\/users\/1"}],"replies":[{"embeddable":true,"href":"https:\/\/campingilsergente.it\/de\/wp-json\/wp\/v2\/comments?post=1494"}],"version-history":[{"count":2,"href":"https:\/\/campingilsergente.it\/de\/wp-json\/wp\/v2\/pages\/1494\/revisions"}],"predecessor-version":[{"id":1496,"href":"https:\/\/campingilsergente.it\/de\/wp-json\/wp\/v2\/pages\/1494\/revisions\/1496"}],"wp:attachment":[{"href":"https:\/\/campingilsergente.it\/de\/wp-json\/wp\/v2\/media?parent=1494"}],"curies":[{"name":"wp","href":"https:\/\/api.w.org\/{rel}","templated":true}]}}